{"id":260,"date":"2012-02-02T11:44:43","date_gmt":"2012-02-02T10:44:43","guid":{"rendered":"http:\/\/dalarnasfolkrorelsearkiv.se\/wp\/?page_id=260"},"modified":"2023-04-13T11:11:27","modified_gmt":"2023-04-13T09:11:27","slug":"praktiska-upplysningar","status":"publish","type":"page","link":"https:\/\/dalarnasfolkrorelsearkiv.se\/wp\/dfa\/praktiska-upplysningar\/","title":{"rendered":"Bes\u00f6k oss"},"content":{"rendered":"<p><span style=\"font-family: arial, helvetica, sans-serif; font-size: 12pt;\">Dalarnas Folkr\u00f6relsearkiv \u00e4r bel\u00e4get i utkanten av Falun, och v\u00e5r bes\u00f6ksadress \u00e4r Stortallsv\u00e4gen 4, 791 55 Falun. Det finns \u00e4ven goda m\u00f6jligheter att resa till oss med bil eller lokaltrafik!&nbsp;<\/span><\/p>\n<p><iframe loading=\"lazy\" style=\"border: 0;\" src=\"https:\/\/www.google.com\/maps\/embed?pb=!1m14!1m8!1m3!1d490.0174005730551!2d15.612137!3d60.57605!3m2!1i1024!2i768!4f13.1!3m3!1m2!1s0x46677aecc20e9ca3%3A0x9987b2a0b1b5851!2sDalarnas%20Folkr%C3%B6relsearkiv!5e0!3m2!1ssv!2sus!4v1675761740010!5m2!1ssv!2sus\" width=\"600\" height=\"450\" allowfullscreen=\"allowfullscreen\"><\/iframe>&nbsp;<\/p>\n<p><span style=\"font-family: arial, helvetica, sans-serif; font-size: 12pt;\"><span style=\"font-style: normal; font-weight: 300;\">Dalarnas Folkr\u00f6relsearkiv finns i tillg\u00e4nglighetsanpassade lokaler och v\u00e4nligen <\/span><span style=\"font-style: normal; font-weight: 300;\">undvik starkt doftande parfymer.<\/span><\/span><\/p>\n<p data-wahfont=\"16\"><span style=\"font-family: arial, helvetica, sans-serif; font-size: 12pt; color: #000000;\">I v\u00e5r expedition finns tillg\u00e5ng till kylsk\u00e5p och mikrov\u00e5gsugn, det finns \u00e4ven m\u00f6jlighet att k\u00f6pa varm dryck.<\/span><\/p>\n","protected":false},"excerpt":{"rendered":"<p>Dalarnas Folkr\u00f6relsearkiv \u00e4r bel\u00e4get i utkanten av Falun, och v\u00e5r bes\u00f6ksadress \u00e4r Stortallsv\u00e4gen 4, 791 55 Falun. Det finns \u00e4ven goda m\u00f6jligheter att resa till oss med bil eller lokaltrafik!&nbsp; &nbsp; Dalarnas Folkr\u00f6relsearkiv finns i tillg\u00e4nglighetsanpassade lokaler och v\u00e4nligen undvik <a class=\"more-link\" href=\"https:\/\/dalarnasfolkrorelsearkiv.se\/wp\/dfa\/praktiska-upplysningar\/\">Forts\u00e4tt l\u00e4sa <span class=\"screen-reader-text\">  Bes\u00f6k oss<\/span><span class=\"meta-nav\">&rarr;<\/span><\/a><\/p>\n","protected":false},"author":1,"featured_media":0,"parent":27,"menu_order":5,"comment_status":"closed","ping_status":"closed","template":"","meta":{"ngg_post_thumbnail":0,"footnotes":""},"class_list":["post-260","page","type-page","status-publish","hentry"],"_links":{"self":[{"href":"https:\/\/dalarnasfolkrorelsearkiv.se\/wp\/wp-json\/wp\/v2\/pages\/260","targetHints":{"allow":["GET"]}}],"collection":[{"href":"https:\/\/dalarnasfolkrorelsearkiv.se\/wp\/wp-json\/wp\/v2\/pages"}],"about":[{"href":"https:\/\/dalarnasfolkrorelsearkiv.se\/wp\/wp-json\/wp\/v2\/types\/page"}],"author":[{"embeddable":true,"href":"https:\/\/dalarnasfolkrorelsearkiv.se\/wp\/wp-json\/wp\/v2\/users\/1"}],"replies":[{"embeddable":true,"href":"https:\/\/dalarnasfolkrorelsearkiv.se\/wp\/wp-json\/wp\/v2\/comments?post=260"}],"version-history":[{"count":51,"href":"https:\/\/dalarnasfolkrorelsearkiv.se\/wp\/wp-json\/wp\/v2\/pages\/260\/revisions"}],"predecessor-version":[{"id":6585,"href":"https:\/\/dalarnasfolkrorelsearkiv.se\/wp\/wp-json\/wp\/v2\/pages\/260\/revisions\/6585"}],"up":[{"embeddable":true,"href":"https:\/\/dalarnasfolkrorelsearkiv.se\/wp\/wp-json\/wp\/v2\/pages\/27"}],"wp:attachment":[{"href":"https:\/\/dalarnasfolkrorelsearkiv.se\/wp\/wp-json\/wp\/v2\/media?parent=260"}],"curies":[{"name":"wp","href":"https:\/\/api.w.org\/{rel}","templated":true}]}}