{"id":27,"date":"2014-01-30T00:02:40","date_gmt":"2014-01-29T23:02:40","guid":{"rendered":"http:\/\/dalarnasfolkrorelsearkiv.se\/wp\/?page_id=27"},"modified":"2025-11-21T09:15:22","modified_gmt":"2025-11-21T08:15:22","slug":"dfa","status":"publish","type":"page","link":"https:\/\/dalarnasfolkrorelsearkiv.se\/wp\/","title":{"rendered":"V\u00e4lkommen till Dalarnas Folkr\u00f6relsearkiv!"},"content":{"rendered":"<div id=\"startpageimage\">&nbsp;<\/div>\n<div id=\"startpageimage\">\n<h1><span style=\"color: #000000; font-family: verdana, geneva, sans-serif; font-size: 26px;\">Dalarnas Folkr\u00f6relsearkiv- Vilka \u00e4r vi?<\/span><\/h1>\n<\/div>\n<p style=\"text-align: left;\"><span style=\"font-family: verdana, geneva, sans-serif; font-size: 12pt;\">Dalarnas folkr\u00f6relsearkiv \u00e4r en ideell f\u00f6rening. Detta betyder att \u00e4ven din f\u00f6rening kan bli medlem och hj\u00e4lpa oss bli \u00e4nnu b\u00e4ttre!<\/span><\/p>\n<p style=\"text-align: left;\"><span style=\"font-size: 12pt; font-family: verdana, geneva, sans-serif;\">F\u00f6reningen grundades 1959 med premissen att Dalarna beh\u00f6vde ett eget arkiv f\u00f6r att se till att l\u00e4nets f\u00f6reningar och folkr\u00f6relsernas historia skulle finnas kvar f\u00f6r framtiden, n\u00e5got vi fortfarande arbetar med. Idag innefattar \u00e4ven v\u00e5rt uppdrag att inte bara samla in och bevara historia, utan att \u00e4ven tillg\u00e4ngligg\u00f6ra den f\u00f6r intresserade och forskare.<\/span><\/p>\n<p style=\"text-align: left;\"><span style=\"font-family: verdana, geneva, sans-serif; font-size: 12pt;\">Dalarnas Folkr\u00f6relsearkiv \u00e4r medlem i <a href=\"http:\/\/www.arkivcentrumdalarna.se\/\">Arkivcentrum Dalarna<\/a> och inhyses i deras lokaler tillsammans med <a href=\"https:\/\/www.falun.se\/kommun--demokrati\/diarium-arkiv-och-sekretess\/centralarkivets-kontakt-och-oppettider.html\">Falu kommuns centralarkiv<\/a>. Bes\u00f6kare hos oss kan \u00e4ven, n\u00e4r de \u00e4nd\u00e5 \u00e4r h\u00e4r, titta i deras handlingar och vise versa.<\/span><\/p>\n<p style=\"text-align: left;\"><span style=\"font-family: verdana, geneva, sans-serif; font-size: 12pt;\">De handlingar vi f\u00f6rvarar str\u00e4cker sig stadigt ner till 1800-talets mitt, med ett par sticksp\u00e5r lite djupare ner i historien.<\/span><\/p>\n<p>&nbsp;<\/p>\n<p style=\"text-align: center;\"><span style=\"font-size: 12pt; background-color: #ffffff; color: #000000; font-family: verdana, geneva, sans-serif;\"><strong>Vid forskarbes\u00f6k eller leverans av arkivhandlingar ber vi v\u00e4nligen, men best\u00e4mt, att ni bokar tid innan. <\/strong><\/span><br \/>\n<span style=\"font-size: 12pt; background-color: #ffffff; color: #000000; font-family: verdana, geneva, sans-serif;\"><strong>Vi n\u00e5s p\u00e5:<\/strong><\/span><br \/>\n<span style=\"font-size: 12pt; background-color: #ffffff; color: #000000; font-family: verdana, geneva, sans-serif;\"><strong>Telefon: 023- 692 00<\/strong><\/span><br \/>\n<span style=\"font-size: 12pt; background-color: #ffffff; color: #000000; font-family: verdana, geneva, sans-serif;\"><strong>Mejl: info@dalarnasfolkrorelsearkiv.se<\/strong><\/span><\/p>\n","protected":false},"excerpt":{"rendered":"<p>&nbsp; Dalarnas Folkr\u00f6relsearkiv- Vilka \u00e4r vi? Dalarnas folkr\u00f6relsearkiv \u00e4r en ideell f\u00f6rening. Detta betyder att \u00e4ven din f\u00f6rening kan bli medlem och hj\u00e4lpa oss bli \u00e4nnu b\u00e4ttre! F\u00f6reningen grundades 1959 med premissen att Dalarna beh\u00f6vde ett eget arkiv f\u00f6r att <a class=\"more-link\" href=\"https:\/\/dalarnasfolkrorelsearkiv.se\/wp\/\">Forts\u00e4tt l\u00e4sa <span class=\"screen-reader-text\">  V\u00e4lkommen till Dalarnas Folkr\u00f6relsearkiv!<\/span><span class=\"meta-nav\">&rarr;<\/span><\/a><\/p>\n","protected":false},"author":1,"featured_media":0,"parent":0,"menu_order":1,"comment_status":"closed","ping_status":"closed","template":"","meta":{"ngg_post_thumbnail":0,"footnotes":""},"class_list":["post-27","page","type-page","status-publish","hentry"],"_links":{"self":[{"href":"https:\/\/dalarnasfolkrorelsearkiv.se\/wp\/wp-json\/wp\/v2\/pages\/27","targetHints":{"allow":["GET"]}}],"collection":[{"href":"https:\/\/dalarnasfolkrorelsearkiv.se\/wp\/wp-json\/wp\/v2\/pages"}],"about":[{"href":"https:\/\/dalarnasfolkrorelsearkiv.se\/wp\/wp-json\/wp\/v2\/types\/page"}],"author":[{"embeddable":true,"href":"https:\/\/dalarnasfolkrorelsearkiv.se\/wp\/wp-json\/wp\/v2\/users\/1"}],"replies":[{"embeddable":true,"href":"https:\/\/dalarnasfolkrorelsearkiv.se\/wp\/wp-json\/wp\/v2\/comments?post=27"}],"version-history":[{"count":414,"href":"https:\/\/dalarnasfolkrorelsearkiv.se\/wp\/wp-json\/wp\/v2\/pages\/27\/revisions"}],"predecessor-version":[{"id":7400,"href":"https:\/\/dalarnasfolkrorelsearkiv.se\/wp\/wp-json\/wp\/v2\/pages\/27\/revisions\/7400"}],"wp:attachment":[{"href":"https:\/\/dalarnasfolkrorelsearkiv.se\/wp\/wp-json\/wp\/v2\/media?parent=27"}],"curies":[{"name":"wp","href":"https:\/\/api.w.org\/{rel}","templated":true}]}}