{"id":5412,"date":"2019-03-13T10:35:58","date_gmt":"2019-03-13T09:35:58","guid":{"rendered":"http:\/\/dalarnasfolkrorelsearkiv.se\/wp\/?page_id=5412"},"modified":"2025-11-24T11:46:30","modified_gmt":"2025-11-24T10:46:30","slug":"bli-medlem-2","status":"publish","type":"page","link":"https:\/\/dalarnasfolkrorelsearkiv.se\/wp\/dfa\/bli-medlem-2\/","title":{"rendered":"Bli medlem!"},"content":{"rendered":"<p><span style=\"font-family: verdana, geneva, sans-serif;\">Dalarnas Folkr\u00f6relsearkiv \u00e4r en ideell f\u00f6reningen och det inneb\u00e4r att \u00e4ven ni kan bli medlemmar!<\/span><\/p>\n<h1><span style=\"font-family: verdana, geneva, sans-serif;\">Vad inneb\u00e4r ett medlemskap i Dalarnas Folkr\u00f6relsearkiv?<\/span><\/h1>\n<p><span style=\"font-family: verdana, geneva, sans-serif;\">Framf\u00f6r allt s\u00e5 bidra ni till att bevara Dalarnas kulturarv genom att leverera era handlingar till oss och genom detta s\u00e4krar ni \u00e4ven er plats i historien. Som medlem \u00e4ger ni fortfarande de handlingar som ni v\u00e4ljer att bevarar hos oss och ni kontrollerar dess tillg\u00e4nglighet.<\/span><\/p>\n<p><span style=\"font-family: verdana, geneva, sans-serif;\">I medlemskapet ing\u00e5r \u00e4ven:<\/span><br \/>\n<span style=\"font-family: verdana, geneva, sans-serif;\">&#8211; F\u00f6rvaring och v\u00e5rd av era handlingar i brand-, fukt- och st\u00f6ldskyddade lokaler<\/span><br \/>\n<span style=\"font-family: verdana, geneva, sans-serif;\">&#8211; Ordnande och f\u00f6rtecknande av handlingar<\/span><br \/>\n<span style=\"font-family: verdana, geneva, sans-serif;\">&#8211; Gratis arkivr\u00e5dgivning \u00f6ver telefon eller mejl<\/span><br \/>\n<span style=\"font-family: verdana, geneva, sans-serif;\">&#8211; R\u00e4tt att nominera till Dalarnas Folkr\u00f6relsearkivs styrelse och att delta vid \u00e5rsm\u00f6ten<\/span><\/p>\n<h1><span style=\"font-family: verdana, geneva, sans-serif;\">Medlemskap<\/span><\/h1>\n<p><span style=\"font-family: verdana, geneva, sans-serif;\">Det finns tv\u00e5 typer av medlemskap. Enskilt- eller distrikt\/nationellt medlemskap. Dessa beskriver vi mer noggrant nedan. &nbsp;&nbsp;<\/span><\/p>\n<h2><span style=\"font-family: verdana, geneva, sans-serif;\">Enskilt medlemskap<\/span><\/h2>\n<p><span style=\"font-family: verdana, geneva, sans-serif;\">Ett enskilt medlemskap \u00e4r fr\u00e4mst aktuellt f\u00f6r f\u00f6reningar som inte har n\u00e5gra underf\u00f6reningar. Ni kan v\u00e4lja att teckna enskilt medlemskap trots att ni \u00e4r en distriktsf\u00f6rening, era underf\u00f6reningar kan d\u00e4remot inte nyttja ert medlemskap d\u00e5. Mer om det under rubriken <em>Distrikts- eller nationellt medlemskap<\/em>.<\/span><\/p>\n<h2><span style=\"font-family: verdana, geneva, sans-serif;\">Distrikts- eller nationellt medlemskap<\/span><\/h2>\n<p><span style=\"font-family: verdana, geneva, sans-serif;\">Distrikt\/nationellt medlemskap \u00e4r aktuellt f\u00f6r f\u00f6reningar som har underf\u00f6reningar. Ni betalar d\u00e5 f\u00f6r den totala hyllmeteravgiften som ni, och era underf\u00f6reningar, f\u00f6rvarar hos oss. V\u00e4ljer ni ett Distrikt\/nationellt medlemskap s\u00e5 slipper era underf\u00f6reningar egna medlemskap som riskerar att bli dyra att underh\u00e5lla.<\/span><\/p>\n<p><span style=\"font-family: verdana, geneva, sans-serif;\">Om ni planerar att vidarefakturera kostnaden inom organisationen s\u00e5 kan vi hj\u00e4lpa till med underlag.<\/span><\/p>\n<h1><span style=\"font-family: verdana, geneva, sans-serif;\">Avgifter:<\/span><\/h1>\n<p><span style=\"font-family: verdana, geneva, sans-serif;\">\u00c5rsavgiften f\u00f6r att f\u00f6rvara handlingar hos oss \u00e4r en sammanslagning av en \u00e5rlig medlemsavgift och en \u00e5rlig hyllmetersavgift.&nbsp;<\/span><\/p>\n<h2>Medlemsavgift:<\/h2>\n<p><span style=\"font-family: verdana, geneva, sans-serif;\"><strong>Medlemsavgiften f\u00f6r Enskilda medlemmar baserar p\u00e5 antalet medlemmar i f\u00f6reningen: <\/strong><\/span><\/p>\n<table>\n<tbody>\n<tr>\n<td width=\"132\"><span style=\"font-family: verdana, geneva, sans-serif;\"><strong>Antal medlemmar<\/strong><\/span><\/td>\n<td width=\"84\"><span style=\"font-family: verdana, geneva, sans-serif;\"><strong>Medlemsavgift<\/strong><\/span><\/td>\n<\/tr>\n<tr>\n<td width=\"132\"><span style=\"font-family: verdana, geneva, sans-serif;\">1\u2013299<\/span><\/td>\n<td width=\"84\"><span style=\"font-family: verdana, geneva, sans-serif;\">100 kr<\/span><\/td>\n<\/tr>\n<tr>\n<td width=\"132\"><span style=\"font-family: verdana, geneva, sans-serif;\">300\u2013599<\/span><\/td>\n<td width=\"84\"><span style=\"font-family: verdana, geneva, sans-serif;\">300 kr<\/span><\/td>\n<\/tr>\n<tr>\n<td width=\"132\"><span style=\"font-family: verdana, geneva, sans-serif;\">600\u2013899<\/span><\/td>\n<td width=\"84\"><span style=\"font-family: verdana, geneva, sans-serif;\">600 kr<\/span><\/td>\n<\/tr>\n<tr>\n<td width=\"132\"><span style=\"font-family: verdana, geneva, sans-serif;\">900\u20131199<\/span><\/td>\n<td width=\"84\"><span style=\"font-family: verdana, geneva, sans-serif;\">1200 kr<\/span><\/td>\n<\/tr>\n<tr>\n<td width=\"132\"><span style=\"font-family: verdana, geneva, sans-serif;\">1200&lt;<\/span><\/td>\n<td width=\"84\"><span style=\"font-family: verdana, geneva, sans-serif;\">1500 kr<\/span><\/td>\n<\/tr>\n<\/tbody>\n<\/table>\n<p><span style=\"font-family: verdana, geneva, sans-serif;\"><strong>Medlemsavgiften f\u00f6r Distriktsmedlemmar baseras p\u00e5 oms\u00e4ttning: <\/strong><\/span><\/p>\n<table>\n<tbody>\n<tr>\n<td width=\"132\"><span style=\"font-family: verdana, geneva, sans-serif;\"><strong>Oms\u00e4ttning<\/strong><\/span><\/td>\n<td width=\"84\"><span style=\"font-family: verdana, geneva, sans-serif;\"><strong>Medlemsavgift<\/strong><\/span><\/td>\n<\/tr>\n<tr>\n<td width=\"132\"><span style=\"font-family: verdana, geneva, sans-serif;\">Under 1000 000 kr<\/span><\/td>\n<td width=\"84\"><span style=\"font-family: verdana, geneva, sans-serif;\">750 kr<\/span><\/td>\n<\/tr>\n<tr>\n<td width=\"132\"><span style=\"font-family: verdana, geneva, sans-serif;\">\u00d6ver 1&nbsp;000&nbsp;000 kr<\/span><\/td>\n<td width=\"84\"><span style=\"font-family: verdana, geneva, sans-serif;\">1500 kr<\/span><\/td>\n<\/tr>\n<\/tbody>\n<\/table>\n<h2>Hyllmetersavgifter:<\/h2>\n<p><span style=\"font-family: verdana, geneva, sans-serif;\">Avgiften ber\u00e4knas per p\u00e5b\u00f6rjad hyllmeter.<\/span><br \/>\n<span style=\"font-family: verdana, geneva, sans-serif;\">Fr\u00e5n och med 2026 g\u00e4ller f\u00f6ljande hyllmetersavgifter:<\/span><\/p>\n<table>\n<tbody>\n<tr>\n<td width=\"302\"><span style=\"font-family: verdana, geneva, sans-serif;\"><strong>&nbsp;<\/strong><\/span><\/td>\n<td width=\"302\"><span style=\"font-family: verdana, geneva, sans-serif;\"><strong>Pris<\/strong><\/span><\/td>\n<\/tr>\n<tr>\n<td width=\"302\"><span style=\"font-family: verdana, geneva, sans-serif;\">Hyllmeter f\u00f6rtecknat<\/span><\/td>\n<td width=\"302\"><span style=\"font-family: verdana, geneva, sans-serif;\">185 kr\/\u00e5r<\/span><\/td>\n<\/tr>\n<tr>\n<td width=\"302\"><span style=\"font-family: verdana, geneva, sans-serif;\">Hyllmeter of\u00f6rtecknat<\/span><\/td>\n<td width=\"302\"><span style=\"font-family: verdana, geneva, sans-serif;\">100 kr\/\u00e5r<\/span><\/td>\n<\/tr>\n<tr>\n<td width=\"302\"><span style=\"font-family: verdana, geneva, sans-serif;\">Skrymmande<\/span><br \/>\n<span style=\"font-family: verdana, geneva, sans-serif;\">(Fanor, st\u00f6rre format som inte g\u00e5r in i en standardhylla)<\/span><\/td>\n<td width=\"302\"><span style=\"font-family: verdana, geneva, sans-serif;\">100 kr\/\u00e5r<\/span><\/td>\n<\/tr>\n<\/tbody>\n<\/table>\n","protected":false},"excerpt":{"rendered":"<p>Dalarnas Folkr\u00f6relsearkiv \u00e4r en ideell f\u00f6reningen och det inneb\u00e4r att \u00e4ven ni kan bli medlemmar! Vad inneb\u00e4r ett medlemskap i Dalarnas Folkr\u00f6relsearkiv? Framf\u00f6r allt s\u00e5 bidra ni till att bevara Dalarnas kulturarv genom att leverera era handlingar till oss och <a class=\"more-link\" href=\"https:\/\/dalarnasfolkrorelsearkiv.se\/wp\/dfa\/bli-medlem-2\/\">Forts\u00e4tt l\u00e4sa <span class=\"screen-reader-text\">  Bli medlem!<\/span><span class=\"meta-nav\">&rarr;<\/span><\/a><\/p>\n","protected":false},"author":5,"featured_media":0,"parent":27,"menu_order":2,"comment_status":"closed","ping_status":"closed","template":"","meta":{"ngg_post_thumbnail":0,"footnotes":""},"class_list":["post-5412","page","type-page","status-publish","hentry"],"_links":{"self":[{"href":"https:\/\/dalarnasfolkrorelsearkiv.se\/wp\/wp-json\/wp\/v2\/pages\/5412","targetHints":{"allow":["GET"]}}],"collection":[{"href":"https:\/\/dalarnasfolkrorelsearkiv.se\/wp\/wp-json\/wp\/v2\/pages"}],"about":[{"href":"https:\/\/dalarnasfolkrorelsearkiv.se\/wp\/wp-json\/wp\/v2\/types\/page"}],"author":[{"embeddable":true,"href":"https:\/\/dalarnasfolkrorelsearkiv.se\/wp\/wp-json\/wp\/v2\/users\/5"}],"replies":[{"embeddable":true,"href":"https:\/\/dalarnasfolkrorelsearkiv.se\/wp\/wp-json\/wp\/v2\/comments?post=5412"}],"version-history":[{"count":10,"href":"https:\/\/dalarnasfolkrorelsearkiv.se\/wp\/wp-json\/wp\/v2\/pages\/5412\/revisions"}],"predecessor-version":[{"id":7403,"href":"https:\/\/dalarnasfolkrorelsearkiv.se\/wp\/wp-json\/wp\/v2\/pages\/5412\/revisions\/7403"}],"up":[{"embeddable":true,"href":"https:\/\/dalarnasfolkrorelsearkiv.se\/wp\/wp-json\/wp\/v2\/pages\/27"}],"wp:attachment":[{"href":"https:\/\/dalarnasfolkrorelsearkiv.se\/wp\/wp-json\/wp\/v2\/media?parent=5412"}],"curies":[{"name":"wp","href":"https:\/\/api.w.org\/{rel}","templated":true}]}}