{"id":6825,"date":"2024-04-02T14:16:18","date_gmt":"2024-04-02T12:16:18","guid":{"rendered":"https:\/\/dalarnasfolkrorelsearkiv.se\/wp\/?page_id=6825"},"modified":"2026-04-01T15:11:23","modified_gmt":"2026-04-01T13:11:23","slug":"arsmote-2026","status":"publish","type":"page","link":"https:\/\/dalarnasfolkrorelsearkiv.se\/wp\/dfa\/arsmote-2026\/","title":{"rendered":"\u00c5rsm\u00f6te 2026"},"content":{"rendered":"<p style=\"text-align: center;\"><span style=\"font-family: arial, helvetica, sans-serif; font-size: 20pt;\">\u00c5rets \u00e5rsm\u00f6te \u00e4ger rum den 18 april och inbjudan har g\u00e5tt ut! <\/span><\/p>\n<p style=\"text-align: center;\"><strong style=\"font-family: arial, helvetica, sans-serif; font-size: 15px; font-style: normal;\"><img decoding=\"async\" src=\"http:\/\/dalarnasfolkrorelsearkiv.se\/wp\/wp-content\/uploads\/2026\/03\/arsmote2026.png\"><\/strong><\/p>\n<hr>\n<p style=\"text-align: center;\"><span style=\"font-family: arial, helvetica, sans-serif; font-size: 18pt;\">Kom ih\u00e5g att anm\u00e4la dig!&nbsp;<\/span><\/p>\n<p style=\"text-align: center;\"><span style=\"font-family: arial, helvetica, sans-serif; font-size: 18pt;\">Minst 2 veckor innan m\u00f6tet kommer alla bilagorna finnas klara f\u00f6r nedladdning p\u00e5 denna sida. <\/span><\/p>\n<h1 style=\"text-align: center;\"><span style=\"text-decoration: underline;\"><span style=\"font-family: arial, helvetica, sans-serif;\"><strong>M\u00f6tesbilagor:<\/strong><\/span><\/span><\/h1>\n<p style=\"text-align: center;\"><a href=\"http:\/\/dalarnasfolkrorelsearkiv.se\/wp\/wp-content\/uploads\/2026\/03\/Dagordning.pdf\">Dagordning<\/a><br \/>\n<a href=\"http:\/\/dalarnasfolkrorelsearkiv.se\/wp\/wp-content\/uploads\/2026\/03\/Verksamhetsberattelse-2025-v3.pdf\">Verksamhetsber\u00e4ttelse 2025<\/a><br \/>\n<a href=\"http:\/\/dalarnasfolkrorelsearkiv.se\/wp\/wp-content\/uploads\/2026\/04\/budget-2026-v.1.3.pdf\">Budget 2026<\/a><br \/>\n<a href=\"http:\/\/dalarnasfolkrorelsearkiv.se\/wp\/wp-content\/uploads\/2026\/03\/AR2025-signerat.pdf\">\u00c5rsredovisning<\/a><br \/>\n<a href=\"http:\/\/dalarnasfolkrorelsearkiv.se\/wp\/wp-content\/uploads\/2026\/03\/Revisionsberattelse.pdf\">Revisionsber\u00e4ttelse<\/a><br \/>\n<a href=\"http:\/\/dalarnasfolkrorelsearkiv.se\/wp\/wp-content\/uploads\/2026\/03\/Balansrapport-och-Resultatrapport.pdf\">Resultat och balans<\/a><br \/>\n<a href=\"http:\/\/dalarnasfolkrorelsearkiv.se\/wp\/wp-content\/uploads\/2026\/03\/Valberedningens-forslag-2026-03-27-.pdf\">Valberedningens f\u00f6rslag<\/a><br \/>\n<a href=\"http:\/\/dalarnasfolkrorelsearkiv.se\/wp\/wp-content\/uploads\/2026\/03\/Avgiftsforslag-2026.pdf\">Avgiftsf\u00f6rslag&nbsp;<\/a><\/p>\n","protected":false},"excerpt":{"rendered":"<p>\u00c5rets \u00e5rsm\u00f6te \u00e4ger rum den 18 april och inbjudan har g\u00e5tt ut! Kom ih\u00e5g att anm\u00e4la dig!&nbsp; Minst 2 veckor innan m\u00f6tet kommer alla bilagorna finnas klara f\u00f6r nedladdning p\u00e5 denna sida. M\u00f6tesbilagor: Dagordning Verksamhetsber\u00e4ttelse 2025 Budget 2026 \u00c5rsredovisning Revisionsber\u00e4ttelse <a class=\"more-link\" href=\"https:\/\/dalarnasfolkrorelsearkiv.se\/wp\/dfa\/arsmote-2026\/\">Forts\u00e4tt l\u00e4sa <span class=\"screen-reader-text\">  \u00c5rsm\u00f6te 2026<\/span><span class=\"meta-nav\">&rarr;<\/span><\/a><\/p>\n","protected":false},"author":5,"featured_media":0,"parent":27,"menu_order":7,"comment_status":"closed","ping_status":"closed","template":"","meta":{"ngg_post_thumbnail":0,"footnotes":""},"class_list":["post-6825","page","type-page","status-publish","hentry"],"_links":{"self":[{"href":"https:\/\/dalarnasfolkrorelsearkiv.se\/wp\/wp-json\/wp\/v2\/pages\/6825","targetHints":{"allow":["GET"]}}],"collection":[{"href":"https:\/\/dalarnasfolkrorelsearkiv.se\/wp\/wp-json\/wp\/v2\/pages"}],"about":[{"href":"https:\/\/dalarnasfolkrorelsearkiv.se\/wp\/wp-json\/wp\/v2\/types\/page"}],"author":[{"embeddable":true,"href":"https:\/\/dalarnasfolkrorelsearkiv.se\/wp\/wp-json\/wp\/v2\/users\/5"}],"replies":[{"embeddable":true,"href":"https:\/\/dalarnasfolkrorelsearkiv.se\/wp\/wp-json\/wp\/v2\/comments?post=6825"}],"version-history":[{"count":29,"href":"https:\/\/dalarnasfolkrorelsearkiv.se\/wp\/wp-json\/wp\/v2\/pages\/6825\/revisions"}],"predecessor-version":[{"id":7238,"href":"https:\/\/dalarnasfolkrorelsearkiv.se\/wp\/wp-json\/wp\/v2\/pages\/6825\/revisions\/7238"}],"up":[{"embeddable":true,"href":"https:\/\/dalarnasfolkrorelsearkiv.se\/wp\/wp-json\/wp\/v2\/pages\/27"}],"wp:attachment":[{"href":"https:\/\/dalarnasfolkrorelsearkiv.se\/wp\/wp-json\/wp\/v2\/media?parent=6825"}],"curies":[{"name":"wp","href":"https:\/\/api.w.org\/{rel}","templated":true}]}}